{"id":977,"date":"2023-11-22T20:49:07","date_gmt":"2023-11-22T20:49:07","guid":{"rendered":"https:\/\/maternacasella.it\/?page_id=977"},"modified":"2025-09-13T11:18:05","modified_gmt":"2025-09-13T11:18:05","slug":"cosa-devo-portare-a-scuola","status":"publish","type":"page","link":"https:\/\/maternacasella.it\/?page_id=977","title":{"rendered":"Cosa devo portare a scuola?"},"content":{"rendered":"\n<p>MATERIALE PER I BAMBINI CHE FREQUENTANO LA SCUOLA DELL&#8217;INFANZIA<\/p>\n\n\n\n<ul class=\"wp-block-list\">\n<li>Zainetto;<\/li>\n\n\n\n<li>Un asciugamano con l&#8217;asola;<\/li>\n\n\n\n<li>Un bavaglino con elastico (SOLO BAMBINI PICCOLI E MEDI)<\/li>\n\n\n\n<li>Grembiule con il nome del bambino;<\/li>\n\n\n\n<li>1 cambio stagionale completo: una mutandina, un paio di calzini, una canottiera, una maglietta, una felpa ed un paio di pantaloni;<\/li>\n\n\n\n<li>1 confezione di fazzoletti di carta;<\/li>\n\n\n\n<li>1 flacone di sapone liquido;<\/li>\n\n\n\n<li>Se si ferma a dormire: Telo spiaggia, lenzuolino\/copertina, cuscino con federa. Il tutto all&#8217;interno di una borsa di plastica riutilizzabile (ad esempio quelle della spesa) e tutto contrassegnato con il nome del bimbo;<\/li>\n\n\n\n<li>Oggetto di transizione, ad esempio ciuccio o peluche (se ne fa uso) per favorire il distacco;<\/li>\n\n\n\n<li>Pannolini (se ne fa uso);<\/li>\n\n\n\n<li>1 Mantellina cerata possibilmente con maniche;<\/li>\n\n\n\n<li>Per i bambini piccoli 1 confezione di Colori a cera <strong>PLASTIDECOR<\/strong>;<\/li>\n\n\n\n<li>Per i bambini medi e grandi 1 confezione di pastelli colorati, 1 matita e 1 gomma;<\/li>\n\n\n\n<li>1 Astuccio;<\/li>\n\n\n\n<li>Un bicchiere di plastica rigida per bere l\u2019acqua in classe;<\/li>\n\n\n\n<li>Un paio di calzini antiscivolo per l\u2019educazione motoria che verranno tenuti a scuola;<\/li>\n\n\n\n<li>Un paio di pantofoline ad uso scolastico interno;<\/li>\n\n\n\n<li>Per i bambini medi e grandi: uno spazzolino da denti e un tubetto di dentifricio;<\/li>\n<\/ul>\n\n\n\n<div style=\"height:50px\" aria-hidden=\"true\" class=\"wp-block-spacer\"><\/div>\n\n\n\n<p>MATERIALE PER I BAMBINI CHE FREQUENTANO LA SEZIONE PRIMAVERA<\/p>\n\n\n\n<ul class=\"wp-block-list\">\n<li>Zainetto;<\/li>\n\n\n\n<li>Un asciugamano con l&#8217;asola;<\/li>\n\n\n\n<li>Bavaglino con elastico;<\/li>\n\n\n\n<li>Un secondo asciugamano per il cambio pannolino; <\/li>\n\n\n\n<li>1 o pi\u00f9 cambi stagionali completi: una mutandina, un paio di calzini, una canottiera, una maglietta, una felpa ed un paio di pantaloni;<\/li>\n\n\n\n<li>1 confezione di fazzoletti di carta;<\/li>\n\n\n\n<li>1 flacone di sapone o detergente delicato;<\/li>\n\n\n\n<li>Se si ferma a dormire: telo spiaggia, lenzuolino\/copertina, cuscino con federa. Il tutto all&#8217;interno di una borsa di plastica riutilizzabile (ad esempio quelle della spesa) e tutto contrassegnato con il nome del bimbo;<\/li>\n\n\n\n<li>Oggetto di transizione ad esempio ciuccio o peluche (se ne fa uso) per favorire il distacco;<\/li>\n\n\n\n<li>Pannolini (se ne fa uso);<\/li>\n\n\n\n<li>Un bicchiere di plastica rigida per bere l\u2019acqua in classe o biberon;<\/li>\n\n\n\n<li>Un paio di calzini antiscivolo da indossare al mattino quando si arriva a scuola e togliere prima di andare a casa;<\/li>\n\n\n\n<li>Un paio di stivaletti di gomma per la pioggia;<\/li>\n\n\n\n<li>Una tuta per la pioggia;<\/li>\n<\/ul>\n\n\n\n<p><strong>TUTTO IL MATERIALE DEVE ESSERE CONTRASSEGNATO DAL NOME DEL BAMBINO!<\/strong><\/p>\n\n\n\n<p>Lo zainetto si porta a scuola il luned\u00ec e si riporta a casa il venerd\u00ec. Durante la settimana lo zainetto viene lasciato dentro il proprio armadietto;<\/p>\n\n\n\n<p>\u00c8 necessario vestire il bambino in modo pratico, affinch\u00e9 sia stimolato all&#8217;autonomia (evitare salopette, bretelle, cinture, gonne, jeans con il bottone, scarpe con i lacci);<\/p>\n\n\n\n<p>Per le bambine \u00e8 raccomandato di raccogliere i capelli;<\/p>\n\n\n\n<p>Si consiglia di far indossare ai vostri figli SCARPE CON GLI STRAPPI, questo per rendere maggiormente autonomo ogni bambino;<\/p>\n\n\n\n<p>Fatta eccezione per i pupazzetti della nanna ed un eventuale gioco transizionale, NON \u00e8 consentito portare all\u2019interno della scuola cibi, bevande e giochi di alcun tipo. Sono ben accetti, invece, libri e albi illustrati;<\/p>\n\n\n\n<p>Per motivi di sicurezza utilizzare il parcheggio di fronte alla scuola e non sostare lungo la strada o davanti al cancello;<\/p>\n\n\n\n<p>In caso di assenza avvertire telefonicamente o tramite messaggio WhatsApp le insegnanti;<\/p>\n\n\n\n<p>Alle insegnanti non \u00e8 consentita la somministrazione di alcun tipo di medicinale, neppure prodotti di tipo omeopatico, fatto salvo presentazione di <a href=\"https:\/\/maternacasella.it\/wp-content\/uploads\/2023\/11\/6_Prescrizione-medica.pdf\">prescrizione medica<\/a> e <a href=\"https:\/\/maternacasella.it\/wp-content\/uploads\/2023\/11\/7_Liberatoria.pdf\">liberatoria<\/a> presenti nell&#8217;area <a href=\"https:\/\/maternacasella.it\/?page_id=585\">Download<\/a>;<\/p>\n\n\n\n<p>Sar\u00e0 dovere di ogni genitore prendere atto di ogni comunicazione da parte della scuola mediante gli appositi avvisi consegnati il venerd\u00ec nel quaderno delle comunicazioni scuola-famiglia, recapitati via e-mail e\/o affissi nelle bacheche.<\/p>\n","protected":false},"excerpt":{"rendered":"<p>MATERIALE PER I BAMBINI CHE FREQUENTANO LA SCUOLA DELL&#8217;INFANZIA MATERIALE PER I BAMBINI CHE FREQUENTANO LA SEZIONE PRIMAVERA TUTTO IL MATERIALE DEVE ESSERE CONTRASSEGNATO DAL NOME DEL BAMBINO! Lo zainetto si porta a scuola il luned\u00ec e si riporta a casa il venerd\u00ec. Durante la settimana lo zainetto viene lasciato dentro il proprio armadietto; \u00c8 [&hellip;]<\/p>\n","protected":false},"author":1,"featured_media":0,"parent":0,"menu_order":0,"comment_status":"closed","ping_status":"closed","template":"","meta":{"footnotes":""},"class_list":["post-977","page","type-page","status-publish","hentry"],"_links":{"self":[{"href":"https:\/\/maternacasella.it\/index.php?rest_route=\/wp\/v2\/pages\/977","targetHints":{"allow":["GET"]}}],"collection":[{"href":"https:\/\/maternacasella.it\/index.php?rest_route=\/wp\/v2\/pages"}],"about":[{"href":"https:\/\/maternacasella.it\/index.php?rest_route=\/wp\/v2\/types\/page"}],"author":[{"embeddable":true,"href":"https:\/\/maternacasella.it\/index.php?rest_route=\/wp\/v2\/users\/1"}],"replies":[{"embeddable":true,"href":"https:\/\/maternacasella.it\/index.php?rest_route=%2Fwp%2Fv2%2Fcomments&post=977"}],"version-history":[{"count":7,"href":"https:\/\/maternacasella.it\/index.php?rest_route=\/wp\/v2\/pages\/977\/revisions"}],"predecessor-version":[{"id":1267,"href":"https:\/\/maternacasella.it\/index.php?rest_route=\/wp\/v2\/pages\/977\/revisions\/1267"}],"wp:attachment":[{"href":"https:\/\/maternacasella.it\/index.php?rest_route=%2Fwp%2Fv2%2Fmedia&parent=977"}],"curies":[{"name":"wp","href":"https:\/\/api.w.org\/{rel}","templated":true}]}}