{"id":803,"date":"2023-11-21T08:25:35","date_gmt":"2023-11-21T08:25:35","guid":{"rendered":"https:\/\/maternacasella.it\/?page_id=803"},"modified":"2024-11-04T12:38:54","modified_gmt":"2024-11-04T12:38:54","slug":"sezione-primavera","status":"publish","type":"page","link":"https:\/\/maternacasella.it\/?page_id=803","title":{"rendered":"Sezione Primavera"},"content":{"rendered":"\n<h2 class=\"wp-block-heading\">Inaugurazione<\/h2>\n\n\n\n<p>Il giorno sabato 29 settembre la nostra Scuola dell\u2019Infanzia \u201cSacro Cuore Di Maria\u201d di Casella d\u2019Asolo ha vissuto, nel pomeriggio, un momento molto felice ed importante: \u00e8 stata inaugurata la nuova Sezione Primavera dedicata ai bambini dai 24 ai 36 mesi. La ristrutturazione degli ambienti comprende: due ampie e luminose aule destinate alle sezioni Primavera e Piccoli, una stanza destinata al riposo pomeridiano dei bambini di entrambe queste due sezioni, un bagno fornito dei sussidi adatti e a norma per questa fascia d\u2019et\u00e0 ed un accogliente saloncino usufruito da entrambe le sezioni come zona accoglienza e ludica. L\u2019intero spazio si configura come un luogo dove i nostri piccoli possono lavorare occupati in varie attivit\u00e0, giocare e comunicare in modo del tutto sereno e confortevole. Per Don Franco Zoggia, il nostro presidente, per tutti i componenti la nostra Amministrazione , per tutto il personale e per noi insegnanti<br>( Martina, Michela, Chiara, Tania, Anna ed Alessandra) la realizzazione di questo progetto ha rappresentato il coronamento di un sogno nel cassetto accarezzato da tanto tempo! Ringraziamo di cuore allora tutti coloro che in varia misura ne hanno preso parte e hanno collaborato con noi. All\u2019evento dell\u2019inaugurazione con il tradizionale taglio del nastro teniamo a sottolineare la graditissima partecipazione del Dott. Giancarlo Frare, presidente della F.I.S.M di Treviso, della Dott.ssa Margherita Baggio, assessore alla cultura del comune di Asolo, della psicopedagogista che segue la nostra scuola, Dott.ssa Marina Sartor, del vicesindaco di Asolo il Signor Federico Dussin, l\u2019assessore Nico Basso e del maresciallo dei carabinieri della nostra zona Mauro Lovato. Ringraziamo, in questa sede, tutte le Autorit\u00e0 che hanno partecipato cos\u00ec sentitamente a questo giorno per noi cos\u00ec importante e, non da ultimi, ringraziamo tutti i bambini e le loro famiglie che con la loro gioiosa presenza ed il loro prezioso aiuto anche in quest\u2019occasione ci hanno sostenute ed hanno collaborato all\u2019organizzazione di questa<br>indimenticabile giornata!!<\/p>\n\n\n\n<ul class=\"wp-block-list\">\n<li>Notizie FISM Treviso \u2013 anno 9 n. 28 del Novembre 2012 \u2013 Periodico d\u2019informazione della Federazione Italiana Scuole Materne della Provincia di Treviso pag. 16<\/li>\n<\/ul>\n\n\n\n<figure class=\"wp-block-gallery has-nested-images columns-default is-cropped wp-block-gallery-1 is-layout-flex wp-block-gallery-is-layout-flex\">\n<figure class=\"wp-block-image size-medium\"><img loading=\"lazy\" decoding=\"async\" width=\"300\" height=\"300\" data-id=\"814\" src=\"https:\/\/maternacasella.it\/wp-content\/uploads\/2023\/11\/1-5-300x300.jpg\" alt=\"\" class=\"wp-image-814\" srcset=\"https:\/\/maternacasella.it\/wp-content\/uploads\/2023\/11\/1-5-300x300.jpg 300w, https:\/\/maternacasella.it\/wp-content\/uploads\/2023\/11\/1-5-150x150.jpg 150w, https:\/\/maternacasella.it\/wp-content\/uploads\/2023\/11\/1-5.jpg 650w\" sizes=\"auto, (max-width: 300px) 100vw, 300px\" \/><\/figure>\n\n\n\n<figure class=\"wp-block-image size-medium\"><img loading=\"lazy\" decoding=\"async\" width=\"300\" height=\"300\" data-id=\"815\" src=\"https:\/\/maternacasella.it\/wp-content\/uploads\/2023\/11\/2-4-300x300.jpg\" alt=\"\" class=\"wp-image-815\" srcset=\"https:\/\/maternacasella.it\/wp-content\/uploads\/2023\/11\/2-4-300x300.jpg 300w, https:\/\/maternacasella.it\/wp-content\/uploads\/2023\/11\/2-4-150x150.jpg 150w, https:\/\/maternacasella.it\/wp-content\/uploads\/2023\/11\/2-4.jpg 650w\" sizes=\"auto, (max-width: 300px) 100vw, 300px\" \/><\/figure>\n<\/figure>\n\n\n\n<div class=\"wp-block-group\"><div class=\"wp-block-group__inner-container is-layout-constrained wp-block-group-is-layout-constrained\">\n<p class=\"has-medium-font-size\"><strong>Le attivit\u00e0 <\/strong><\/p>\n<\/div><\/div>\n\n\n\n<figure class=\"wp-block-gallery has-nested-images columns-default is-cropped wp-block-gallery-2 is-layout-flex wp-block-gallery-is-layout-flex\">\n<figure class=\"wp-block-image size-large\"><img loading=\"lazy\" decoding=\"async\" width=\"750\" height=\"400\" data-id=\"552\" src=\"https:\/\/maternacasella.it\/wp-content\/uploads\/2023\/11\/3-5.jpg\" alt=\"\" class=\"wp-image-552\" srcset=\"https:\/\/maternacasella.it\/wp-content\/uploads\/2023\/11\/3-5.jpg 750w, https:\/\/maternacasella.it\/wp-content\/uploads\/2023\/11\/3-5-300x160.jpg 300w\" sizes=\"auto, (max-width: 750px) 100vw, 750px\" \/><\/figure>\n\n\n\n<figure class=\"wp-block-image size-large\"><img loading=\"lazy\" decoding=\"async\" width=\"750\" height=\"400\" data-id=\"558\" src=\"https:\/\/maternacasella.it\/wp-content\/uploads\/2023\/11\/1-3.jpg\" alt=\"\" class=\"wp-image-558\" srcset=\"https:\/\/maternacasella.it\/wp-content\/uploads\/2023\/11\/1-3.jpg 750w, https:\/\/maternacasella.it\/wp-content\/uploads\/2023\/11\/1-3-300x160.jpg 300w\" sizes=\"auto, (max-width: 750px) 100vw, 750px\" \/><\/figure>\n\n\n\n<figure class=\"wp-block-image size-large\"><img loading=\"lazy\" decoding=\"async\" width=\"750\" height=\"400\" data-id=\"557\" src=\"https:\/\/maternacasella.it\/wp-content\/uploads\/2023\/11\/2-2.jpg\" alt=\"\" class=\"wp-image-557\" srcset=\"https:\/\/maternacasella.it\/wp-content\/uploads\/2023\/11\/2-2.jpg 750w, https:\/\/maternacasella.it\/wp-content\/uploads\/2023\/11\/2-2-300x160.jpg 300w\" sizes=\"auto, (max-width: 750px) 100vw, 750px\" \/><\/figure>\n\n\n\n<figure class=\"wp-block-image size-large\"><img loading=\"lazy\" decoding=\"async\" width=\"750\" height=\"400\" data-id=\"554\" src=\"https:\/\/maternacasella.it\/wp-content\/uploads\/2023\/11\/4-4.jpg\" alt=\"\" class=\"wp-image-554\" srcset=\"https:\/\/maternacasella.it\/wp-content\/uploads\/2023\/11\/4-4.jpg 750w, https:\/\/maternacasella.it\/wp-content\/uploads\/2023\/11\/4-4-300x160.jpg 300w\" sizes=\"auto, (max-width: 750px) 100vw, 750px\" \/><\/figure>\n\n\n\n<figure class=\"wp-block-image size-full\"><img loading=\"lazy\" decoding=\"async\" width=\"1024\" height=\"576\" data-id=\"1033\" src=\"https:\/\/maternacasella.it\/wp-content\/uploads\/2023\/11\/Immagine-WhatsApp-2023-11-23-ore-23.35.49_400b5201.jpg\" alt=\"\" class=\"wp-image-1033\" srcset=\"https:\/\/maternacasella.it\/wp-content\/uploads\/2023\/11\/Immagine-WhatsApp-2023-11-23-ore-23.35.49_400b5201.jpg 1024w, https:\/\/maternacasella.it\/wp-content\/uploads\/2023\/11\/Immagine-WhatsApp-2023-11-23-ore-23.35.49_400b5201-300x169.jpg 300w, https:\/\/maternacasella.it\/wp-content\/uploads\/2023\/11\/Immagine-WhatsApp-2023-11-23-ore-23.35.49_400b5201-768x432.jpg 768w\" sizes=\"auto, (max-width: 1024px) 100vw, 1024px\" \/><\/figure>\n\n\n\n<figure class=\"wp-block-image size-large\"><img loading=\"lazy\" decoding=\"async\" width=\"750\" height=\"400\" data-id=\"555\" src=\"https:\/\/maternacasella.it\/wp-content\/uploads\/2023\/11\/5-4.jpg\" alt=\"\" class=\"wp-image-555\" srcset=\"https:\/\/maternacasella.it\/wp-content\/uploads\/2023\/11\/5-4.jpg 750w, https:\/\/maternacasella.it\/wp-content\/uploads\/2023\/11\/5-4-300x160.jpg 300w\" sizes=\"auto, (max-width: 750px) 100vw, 750px\" \/><\/figure>\n\n\n\n<figure class=\"wp-block-image size-large\"><img loading=\"lazy\" decoding=\"async\" width=\"750\" height=\"400\" data-id=\"563\" src=\"https:\/\/maternacasella.it\/wp-content\/uploads\/2023\/11\/6-2.jpg\" alt=\"\" class=\"wp-image-563\" srcset=\"https:\/\/maternacasella.it\/wp-content\/uploads\/2023\/11\/6-2.jpg 750w, https:\/\/maternacasella.it\/wp-content\/uploads\/2023\/11\/6-2-300x160.jpg 300w\" sizes=\"auto, (max-width: 750px) 100vw, 750px\" \/><\/figure>\n\n\n\n<figure class=\"wp-block-image size-large\"><img loading=\"lazy\" decoding=\"async\" width=\"750\" height=\"400\" data-id=\"561\" src=\"https:\/\/maternacasella.it\/wp-content\/uploads\/2023\/11\/7-1.jpg\" alt=\"\" class=\"wp-image-561\" srcset=\"https:\/\/maternacasella.it\/wp-content\/uploads\/2023\/11\/7-1.jpg 750w, https:\/\/maternacasella.it\/wp-content\/uploads\/2023\/11\/7-1-300x160.jpg 300w\" sizes=\"auto, (max-width: 750px) 100vw, 750px\" \/><\/figure>\n\n\n\n<figure class=\"wp-block-image size-large\"><img loading=\"lazy\" decoding=\"async\" width=\"750\" height=\"400\" data-id=\"556\" src=\"https:\/\/maternacasella.it\/wp-content\/uploads\/2023\/11\/8-2.jpg\" alt=\"\" class=\"wp-image-556\" srcset=\"https:\/\/maternacasella.it\/wp-content\/uploads\/2023\/11\/8-2.jpg 750w, https:\/\/maternacasella.it\/wp-content\/uploads\/2023\/11\/8-2-300x160.jpg 300w\" sizes=\"auto, (max-width: 750px) 100vw, 750px\" \/><\/figure>\n\n\n\n<figure class=\"wp-block-image size-large\"><img loading=\"lazy\" decoding=\"async\" width=\"750\" height=\"400\" data-id=\"553\" src=\"https:\/\/maternacasella.it\/wp-content\/uploads\/2023\/11\/9-1.jpg\" alt=\"\" class=\"wp-image-553\" srcset=\"https:\/\/maternacasella.it\/wp-content\/uploads\/2023\/11\/9-1.jpg 750w, https:\/\/maternacasella.it\/wp-content\/uploads\/2023\/11\/9-1-300x160.jpg 300w\" sizes=\"auto, (max-width: 750px) 100vw, 750px\" \/><\/figure>\n\n\n\n<figure class=\"wp-block-image size-large\"><img loading=\"lazy\" decoding=\"async\" width=\"750\" height=\"400\" data-id=\"560\" src=\"https:\/\/maternacasella.it\/wp-content\/uploads\/2023\/11\/11.jpg\" alt=\"\" class=\"wp-image-560\" srcset=\"https:\/\/maternacasella.it\/wp-content\/uploads\/2023\/11\/11.jpg 750w, https:\/\/maternacasella.it\/wp-content\/uploads\/2023\/11\/11-300x160.jpg 300w\" sizes=\"auto, (max-width: 750px) 100vw, 750px\" \/><\/figure>\n\n\n\n<figure class=\"wp-block-image size-large\"><img loading=\"lazy\" decoding=\"async\" width=\"750\" height=\"400\" data-id=\"559\" src=\"https:\/\/maternacasella.it\/wp-content\/uploads\/2023\/11\/10-1.jpg\" alt=\"\" class=\"wp-image-559\" srcset=\"https:\/\/maternacasella.it\/wp-content\/uploads\/2023\/11\/10-1.jpg 750w, https:\/\/maternacasella.it\/wp-content\/uploads\/2023\/11\/10-1-300x160.jpg 300w\" sizes=\"auto, (max-width: 750px) 100vw, 750px\" \/><\/figure>\n<\/figure>\n\n\n\n<figure class=\"wp-block-gallery has-nested-images columns-default is-cropped wp-block-gallery-3 is-layout-flex wp-block-gallery-is-layout-flex\">\n<figure class=\"wp-block-image size-large\"><img loading=\"lazy\" decoding=\"async\" width=\"1024\" height=\"576\" data-id=\"1030\" src=\"https:\/\/maternacasella.it\/wp-content\/uploads\/2023\/11\/Immagine-WhatsApp-2023-11-23-ore-23.31.58_8c965873.jpg\" alt=\"\" class=\"wp-image-1030\" srcset=\"https:\/\/maternacasella.it\/wp-content\/uploads\/2023\/11\/Immagine-WhatsApp-2023-11-23-ore-23.31.58_8c965873.jpg 1024w, https:\/\/maternacasella.it\/wp-content\/uploads\/2023\/11\/Immagine-WhatsApp-2023-11-23-ore-23.31.58_8c965873-300x169.jpg 300w, https:\/\/maternacasella.it\/wp-content\/uploads\/2023\/11\/Immagine-WhatsApp-2023-11-23-ore-23.31.58_8c965873-768x432.jpg 768w\" sizes=\"auto, (max-width: 1024px) 100vw, 1024px\" \/><\/figure>\n\n\n\n<figure class=\"wp-block-image size-large\"><img loading=\"lazy\" decoding=\"async\" width=\"1024\" height=\"576\" data-id=\"1031\" src=\"https:\/\/maternacasella.it\/wp-content\/uploads\/2023\/11\/Immagine-WhatsApp-2023-11-23-ore-23.32.05_081b57f0.jpg\" alt=\"\" class=\"wp-image-1031\" srcset=\"https:\/\/maternacasella.it\/wp-content\/uploads\/2023\/11\/Immagine-WhatsApp-2023-11-23-ore-23.32.05_081b57f0.jpg 1024w, https:\/\/maternacasella.it\/wp-content\/uploads\/2023\/11\/Immagine-WhatsApp-2023-11-23-ore-23.32.05_081b57f0-300x169.jpg 300w, https:\/\/maternacasella.it\/wp-content\/uploads\/2023\/11\/Immagine-WhatsApp-2023-11-23-ore-23.32.05_081b57f0-768x432.jpg 768w\" sizes=\"auto, (max-width: 1024px) 100vw, 1024px\" \/><\/figure>\n\n\n\n<figure class=\"wp-block-image size-large\"><img loading=\"lazy\" decoding=\"async\" width=\"1024\" height=\"576\" data-id=\"1032\" src=\"https:\/\/maternacasella.it\/wp-content\/uploads\/2023\/11\/Immagine-WhatsApp-2023-11-23-ore-23.31.51_8d741fd6.jpg\" alt=\"\" class=\"wp-image-1032\" srcset=\"https:\/\/maternacasella.it\/wp-content\/uploads\/2023\/11\/Immagine-WhatsApp-2023-11-23-ore-23.31.51_8d741fd6.jpg 1024w, https:\/\/maternacasella.it\/wp-content\/uploads\/2023\/11\/Immagine-WhatsApp-2023-11-23-ore-23.31.51_8d741fd6-300x169.jpg 300w, https:\/\/maternacasella.it\/wp-content\/uploads\/2023\/11\/Immagine-WhatsApp-2023-11-23-ore-23.31.51_8d741fd6-768x432.jpg 768w\" sizes=\"auto, (max-width: 1024px) 100vw, 1024px\" \/><\/figure>\n<\/figure>\n\n\n\n<figure class=\"wp-block-image size-large is-resized\"><img loading=\"lazy\" decoding=\"async\" width=\"1946\" height=\"1094\" src=\"https:\/\/maternacasella.it\/wp-content\/uploads\/2024\/03\/85E1D358-54D5-4739-B259-7CBCECF0E274-edited.jpeg\" alt=\"\" class=\"wp-image-1085\" style=\"width:838px;height:auto\" srcset=\"https:\/\/maternacasella.it\/wp-content\/uploads\/2024\/03\/85E1D358-54D5-4739-B259-7CBCECF0E274-edited.jpeg 1946w, https:\/\/maternacasella.it\/wp-content\/uploads\/2024\/03\/85E1D358-54D5-4739-B259-7CBCECF0E274-edited-300x169.jpeg 300w, https:\/\/maternacasella.it\/wp-content\/uploads\/2024\/03\/85E1D358-54D5-4739-B259-7CBCECF0E274-edited-1024x576.jpeg 1024w, https:\/\/maternacasella.it\/wp-content\/uploads\/2024\/03\/85E1D358-54D5-4739-B259-7CBCECF0E274-edited-768x432.jpeg 768w, https:\/\/maternacasella.it\/wp-content\/uploads\/2024\/03\/85E1D358-54D5-4739-B259-7CBCECF0E274-edited-1536x864.jpeg 1536w\" sizes=\"auto, (max-width: 1946px) 100vw, 1946px\" \/><\/figure>\n\n\n\n<figure class=\"wp-block-gallery has-nested-images columns-6 is-cropped wp-block-gallery-4 is-layout-flex wp-block-gallery-is-layout-flex\">\n<figure data-wp-context=\"{&quot;imageId&quot;:&quot;69e1dde27242b&quot;}\" data-wp-interactive=\"core\/image\" data-wp-key=\"69e1dde27242b\" class=\"wp-block-image size-thumbnail wp-lightbox-container\"><img loading=\"lazy\" decoding=\"async\" width=\"150\" height=\"150\" data-wp-class--hide=\"state.isContentHidden\" data-wp-class--show=\"state.isContentVisible\" data-wp-init=\"callbacks.setButtonStyles\" data-wp-on--click=\"actions.showLightbox\" data-wp-on--load=\"callbacks.setButtonStyles\" data-wp-on-window--resize=\"callbacks.setButtonStyles\" data-id=\"1069\" src=\"https:\/\/maternacasella.it\/wp-content\/uploads\/2024\/03\/68EF771D-7981-4012-8405-92C1CD935729-150x150.jpeg\" alt=\"\" class=\"wp-image-1069\"\/><button\n\t\t\tclass=\"lightbox-trigger\"\n\t\t\ttype=\"button\"\n\t\t\taria-haspopup=\"dialog\"\n\t\t\taria-label=\"Ingrandisci\"\n\t\t\tdata-wp-init=\"callbacks.initTriggerButton\"\n\t\t\tdata-wp-on--click=\"actions.showLightbox\"\n\t\t\tdata-wp-style--right=\"state.imageButtonRight\"\n\t\t\tdata-wp-style--top=\"state.imageButtonTop\"\n\t\t>\n\t\t\t<svg xmlns=\"http:\/\/www.w3.org\/2000\/svg\" width=\"12\" height=\"12\" fill=\"none\" viewBox=\"0 0 12 12\">\n\t\t\t\t<path fill=\"#fff\" d=\"M2 0a2 2 0 0 0-2 2v2h1.5V2a.5.5 0 0 1 .5-.5h2V0H2Zm2 10.5H2a.5.5 0 0 1-.5-.5V8H0v2a2 2 0 0 0 2 2h2v-1.5ZM8 12v-1.5h2a.5.5 0 0 0 .5-.5V8H12v2a2 2 0 0 1-2 2H8Zm2-12a2 2 0 0 1 2 2v2h-1.5V2a.5.5 0 0 0-.5-.5H8V0h2Z\" \/>\n\t\t\t<\/svg>\n\t\t<\/button><\/figure>\n\n\n\n<figure class=\"wp-block-image size-thumbnail\"><img loading=\"lazy\" decoding=\"async\" width=\"150\" height=\"150\" data-id=\"1071\" src=\"https:\/\/maternacasella.it\/wp-content\/uploads\/2024\/03\/CD4E3CBC-B46B-411D-AC34-9627FE811C9F-150x150.jpeg\" alt=\"\" class=\"wp-image-1071\"\/><\/figure>\n\n\n\n<figure class=\"wp-block-image size-thumbnail\"><img loading=\"lazy\" decoding=\"async\" width=\"150\" height=\"150\" data-id=\"1072\" src=\"https:\/\/maternacasella.it\/wp-content\/uploads\/2024\/03\/44699A32-BDB9-4A39-BBDE-F0AB6156D3AF-150x150.jpeg\" alt=\"\" class=\"wp-image-1072\"\/><\/figure>\n\n\n\n<figure class=\"wp-block-image size-thumbnail\"><img loading=\"lazy\" decoding=\"async\" width=\"150\" height=\"150\" data-id=\"1091\" src=\"https:\/\/maternacasella.it\/wp-content\/uploads\/2024\/03\/865B8FCF-2668-4F11-8C26-F70020330D96-150x150.jpeg\" alt=\"\" class=\"wp-image-1091\"\/><\/figure>\n\n\n\n<figure class=\"wp-block-image size-thumbnail\"><img loading=\"lazy\" decoding=\"async\" width=\"150\" height=\"150\" data-id=\"1088\" src=\"https:\/\/maternacasella.it\/wp-content\/uploads\/2024\/03\/A6EC6D33-38F7-4FB4-B69E-EC8F3F83711F-150x150.jpeg\" alt=\"\" class=\"wp-image-1088\"\/><\/figure>\n\n\n\n<figure data-wp-context=\"{&quot;imageId&quot;:&quot;69e1dde272811&quot;}\" data-wp-interactive=\"core\/image\" data-wp-key=\"69e1dde272811\" class=\"wp-block-image size-thumbnail wp-lightbox-container\"><img loading=\"lazy\" decoding=\"async\" width=\"150\" height=\"150\" data-wp-class--hide=\"state.isContentHidden\" data-wp-class--show=\"state.isContentVisible\" data-wp-init=\"callbacks.setButtonStyles\" data-wp-on--click=\"actions.showLightbox\" data-wp-on--load=\"callbacks.setButtonStyles\" data-wp-on-window--resize=\"callbacks.setButtonStyles\" data-id=\"1090\" src=\"https:\/\/maternacasella.it\/wp-content\/uploads\/2024\/03\/2239C107-BAB2-4D3D-82B4-48814CBC0827-150x150.jpeg\" alt=\"\" class=\"wp-image-1090\"\/><button\n\t\t\tclass=\"lightbox-trigger\"\n\t\t\ttype=\"button\"\n\t\t\taria-haspopup=\"dialog\"\n\t\t\taria-label=\"Ingrandisci\"\n\t\t\tdata-wp-init=\"callbacks.initTriggerButton\"\n\t\t\tdata-wp-on--click=\"actions.showLightbox\"\n\t\t\tdata-wp-style--right=\"state.imageButtonRight\"\n\t\t\tdata-wp-style--top=\"state.imageButtonTop\"\n\t\t>\n\t\t\t<svg xmlns=\"http:\/\/www.w3.org\/2000\/svg\" width=\"12\" height=\"12\" fill=\"none\" viewBox=\"0 0 12 12\">\n\t\t\t\t<path fill=\"#fff\" d=\"M2 0a2 2 0 0 0-2 2v2h1.5V2a.5.5 0 0 1 .5-.5h2V0H2Zm2 10.5H2a.5.5 0 0 1-.5-.5V8H0v2a2 2 0 0 0 2 2h2v-1.5ZM8 12v-1.5h2a.5.5 0 0 0 .5-.5V8H12v2a2 2 0 0 1-2 2H8Zm2-12a2 2 0 0 1 2 2v2h-1.5V2a.5.5 0 0 0-.5-.5H8V0h2Z\" \/>\n\t\t\t<\/svg>\n\t\t<\/button><\/figure>\n<\/figure>\n\n\n\n<figure class=\"wp-block-gallery has-nested-images columns-default is-cropped wp-block-gallery-5 is-layout-flex wp-block-gallery-is-layout-flex\">\n<figure data-wp-context=\"{&quot;imageId&quot;:&quot;69e1dde272adf&quot;}\" data-wp-interactive=\"core\/image\" data-wp-key=\"69e1dde272adf\" class=\"wp-block-image size-thumbnail wp-lightbox-container\"><img loading=\"lazy\" decoding=\"async\" width=\"150\" height=\"150\" data-wp-class--hide=\"state.isContentHidden\" data-wp-class--show=\"state.isContentVisible\" data-wp-init=\"callbacks.setButtonStyles\" data-wp-on--click=\"actions.showLightbox\" data-wp-on--load=\"callbacks.setButtonStyles\" data-wp-on-window--resize=\"callbacks.setButtonStyles\" data-id=\"1081\" src=\"https:\/\/maternacasella.it\/wp-content\/uploads\/2024\/03\/8CBFE2F1-C49B-47D0-B2D4-A732D94919C5-150x150.jpeg\" alt=\"\" class=\"wp-image-1081\"\/><button\n\t\t\tclass=\"lightbox-trigger\"\n\t\t\ttype=\"button\"\n\t\t\taria-haspopup=\"dialog\"\n\t\t\taria-label=\"Ingrandisci\"\n\t\t\tdata-wp-init=\"callbacks.initTriggerButton\"\n\t\t\tdata-wp-on--click=\"actions.showLightbox\"\n\t\t\tdata-wp-style--right=\"state.imageButtonRight\"\n\t\t\tdata-wp-style--top=\"state.imageButtonTop\"\n\t\t>\n\t\t\t<svg xmlns=\"http:\/\/www.w3.org\/2000\/svg\" width=\"12\" height=\"12\" fill=\"none\" viewBox=\"0 0 12 12\">\n\t\t\t\t<path fill=\"#fff\" d=\"M2 0a2 2 0 0 0-2 2v2h1.5V2a.5.5 0 0 1 .5-.5h2V0H2Zm2 10.5H2a.5.5 0 0 1-.5-.5V8H0v2a2 2 0 0 0 2 2h2v-1.5ZM8 12v-1.5h2a.5.5 0 0 0 .5-.5V8H12v2a2 2 0 0 1-2 2H8Zm2-12a2 2 0 0 1 2 2v2h-1.5V2a.5.5 0 0 0-.5-.5H8V0h2Z\" \/>\n\t\t\t<\/svg>\n\t\t<\/button><\/figure>\n\n\n\n<figure data-wp-context=\"{&quot;imageId&quot;:&quot;69e1dde272d0c&quot;}\" data-wp-interactive=\"core\/image\" data-wp-key=\"69e1dde272d0c\" class=\"wp-block-image size-thumbnail wp-lightbox-container\"><img loading=\"lazy\" decoding=\"async\" width=\"150\" height=\"150\" data-wp-class--hide=\"state.isContentHidden\" data-wp-class--show=\"state.isContentVisible\" data-wp-init=\"callbacks.setButtonStyles\" data-wp-on--click=\"actions.showLightbox\" data-wp-on--load=\"callbacks.setButtonStyles\" data-wp-on-window--resize=\"callbacks.setButtonStyles\" data-id=\"1078\" src=\"https:\/\/maternacasella.it\/wp-content\/uploads\/2024\/03\/CF8C8956-796A-4917-B144-F4EA722A8247-150x150.jpeg\" alt=\"\" class=\"wp-image-1078\"\/><button\n\t\t\tclass=\"lightbox-trigger\"\n\t\t\ttype=\"button\"\n\t\t\taria-haspopup=\"dialog\"\n\t\t\taria-label=\"Ingrandisci\"\n\t\t\tdata-wp-init=\"callbacks.initTriggerButton\"\n\t\t\tdata-wp-on--click=\"actions.showLightbox\"\n\t\t\tdata-wp-style--right=\"state.imageButtonRight\"\n\t\t\tdata-wp-style--top=\"state.imageButtonTop\"\n\t\t>\n\t\t\t<svg xmlns=\"http:\/\/www.w3.org\/2000\/svg\" width=\"12\" height=\"12\" fill=\"none\" viewBox=\"0 0 12 12\">\n\t\t\t\t<path fill=\"#fff\" d=\"M2 0a2 2 0 0 0-2 2v2h1.5V2a.5.5 0 0 1 .5-.5h2V0H2Zm2 10.5H2a.5.5 0 0 1-.5-.5V8H0v2a2 2 0 0 0 2 2h2v-1.5ZM8 12v-1.5h2a.5.5 0 0 0 .5-.5V8H12v2a2 2 0 0 1-2 2H8Zm2-12a2 2 0 0 1 2 2v2h-1.5V2a.5.5 0 0 0-.5-.5H8V0h2Z\" \/>\n\t\t\t<\/svg>\n\t\t<\/button><\/figure>\n\n\n\n<figure data-wp-context=\"{&quot;imageId&quot;:&quot;69e1dde272fea&quot;}\" data-wp-interactive=\"core\/image\" data-wp-key=\"69e1dde272fea\" class=\"wp-block-image size-thumbnail wp-lightbox-container\"><img loading=\"lazy\" decoding=\"async\" width=\"1818\" height=\"2426\" data-wp-class--hide=\"state.isContentHidden\" data-wp-class--show=\"state.isContentVisible\" data-wp-init=\"callbacks.setButtonStyles\" data-wp-on--click=\"actions.showLightbox\" data-wp-on--load=\"callbacks.setButtonStyles\" data-wp-on-window--resize=\"callbacks.setButtonStyles\" data-id=\"1098\" src=\"https:\/\/maternacasella.it\/wp-content\/uploads\/2024\/03\/B84460E2-585C-4DAD-99EF-CAB7EE18B24C-edited-1.jpeg\" alt=\"\" class=\"wp-image-1098\" srcset=\"https:\/\/maternacasella.it\/wp-content\/uploads\/2024\/03\/B84460E2-585C-4DAD-99EF-CAB7EE18B24C-edited-1.jpeg 1818w, https:\/\/maternacasella.it\/wp-content\/uploads\/2024\/03\/B84460E2-585C-4DAD-99EF-CAB7EE18B24C-edited-1-225x300.jpeg 225w, https:\/\/maternacasella.it\/wp-content\/uploads\/2024\/03\/B84460E2-585C-4DAD-99EF-CAB7EE18B24C-edited-1-767x1024.jpeg 767w, https:\/\/maternacasella.it\/wp-content\/uploads\/2024\/03\/B84460E2-585C-4DAD-99EF-CAB7EE18B24C-edited-1-768x1025.jpeg 768w, https:\/\/maternacasella.it\/wp-content\/uploads\/2024\/03\/B84460E2-585C-4DAD-99EF-CAB7EE18B24C-edited-1-1151x1536.jpeg 1151w, https:\/\/maternacasella.it\/wp-content\/uploads\/2024\/03\/B84460E2-585C-4DAD-99EF-CAB7EE18B24C-edited-1-1535x2048.jpeg 1535w\" sizes=\"auto, (max-width: 1818px) 100vw, 1818px\" \/><button\n\t\t\tclass=\"lightbox-trigger\"\n\t\t\ttype=\"button\"\n\t\t\taria-haspopup=\"dialog\"\n\t\t\taria-label=\"Ingrandisci\"\n\t\t\tdata-wp-init=\"callbacks.initTriggerButton\"\n\t\t\tdata-wp-on--click=\"actions.showLightbox\"\n\t\t\tdata-wp-style--right=\"state.imageButtonRight\"\n\t\t\tdata-wp-style--top=\"state.imageButtonTop\"\n\t\t>\n\t\t\t<svg xmlns=\"http:\/\/www.w3.org\/2000\/svg\" width=\"12\" height=\"12\" fill=\"none\" viewBox=\"0 0 12 12\">\n\t\t\t\t<path fill=\"#fff\" d=\"M2 0a2 2 0 0 0-2 2v2h1.5V2a.5.5 0 0 1 .5-.5h2V0H2Zm2 10.5H2a.5.5 0 0 1-.5-.5V8H0v2a2 2 0 0 0 2 2h2v-1.5ZM8 12v-1.5h2a.5.5 0 0 0 .5-.5V8H12v2a2 2 0 0 1-2 2H8Zm2-12a2 2 0 0 1 2 2v2h-1.5V2a.5.5 0 0 0-.5-.5H8V0h2Z\" \/>\n\t\t\t<\/svg>\n\t\t<\/button><\/figure>\n<\/figure>\n\n\n\n<h2 class=\"wp-block-heading\">Le maestre<\/h2>\n\n\n\n<figure class=\"wp-block-table\"><table><tbody><tr><td class=\"has-text-align-center\" data-align=\"center\"><img loading=\"lazy\" decoding=\"async\" width=\"150\" height=\"150\" class=\"wp-image-727\" style=\"width: 150px;\" src=\"https:\/\/maternacasella.it\/wp-content\/uploads\/2023\/11\/25.jpg\" alt=\"\" srcset=\"https:\/\/maternacasella.it\/wp-content\/uploads\/2023\/11\/25.jpg 1080w, https:\/\/maternacasella.it\/wp-content\/uploads\/2023\/11\/25-300x300.jpg 300w, https:\/\/maternacasella.it\/wp-content\/uploads\/2023\/11\/25-1024x1024.jpg 1024w, https:\/\/maternacasella.it\/wp-content\/uploads\/2023\/11\/25-150x150.jpg 150w, https:\/\/maternacasella.it\/wp-content\/uploads\/2023\/11\/25-768x768.jpg 768w\" sizes=\"auto, (max-width: 150px) 100vw, 150px\" \/><\/td><td>Maestra Jessica <\/td><td class=\"has-text-align-center\" data-align=\"center\"><img loading=\"lazy\" decoding=\"async\" width=\"150\" height=\"150\" class=\"wp-image-483\" style=\"width: 150px;\" src=\"https:\/\/maternacasella.it\/wp-content\/uploads\/2023\/11\/5-1.jpg\" alt=\"\" srcset=\"https:\/\/maternacasella.it\/wp-content\/uploads\/2023\/11\/5-1.jpg 1080w, https:\/\/maternacasella.it\/wp-content\/uploads\/2023\/11\/5-1-300x300.jpg 300w, https:\/\/maternacasella.it\/wp-content\/uploads\/2023\/11\/5-1-1024x1024.jpg 1024w, https:\/\/maternacasella.it\/wp-content\/uploads\/2023\/11\/5-1-150x150.jpg 150w, https:\/\/maternacasella.it\/wp-content\/uploads\/2023\/11\/5-1-768x768.jpg 768w\" sizes=\"auto, (max-width: 150px) 100vw, 150px\" \/><\/td><td>Maestra Alessia <\/td><\/tr><\/tbody><\/table><\/figure>\n","protected":false},"excerpt":{"rendered":"<p>Inaugurazione Il giorno sabato 29 settembre la nostra Scuola dell\u2019Infanzia \u201cSacro Cuore Di Maria\u201d di Casella d\u2019Asolo ha vissuto, nel pomeriggio, un momento molto felice ed importante: \u00e8 stata inaugurata la nuova Sezione Primavera dedicata ai bambini dai 24 ai 36 mesi. La ristrutturazione degli ambienti comprende: due ampie e luminose aule destinate alle sezioni [&hellip;]<\/p>\n","protected":false},"author":1,"featured_media":0,"parent":0,"menu_order":0,"comment_status":"closed","ping_status":"closed","template":"","meta":{"footnotes":""},"class_list":["post-803","page","type-page","status-publish","hentry"],"_links":{"self":[{"href":"https:\/\/maternacasella.it\/index.php?rest_route=\/wp\/v2\/pages\/803","targetHints":{"allow":["GET"]}}],"collection":[{"href":"https:\/\/maternacasella.it\/index.php?rest_route=\/wp\/v2\/pages"}],"about":[{"href":"https:\/\/maternacasella.it\/index.php?rest_route=\/wp\/v2\/types\/page"}],"author":[{"embeddable":true,"href":"https:\/\/maternacasella.it\/index.php?rest_route=\/wp\/v2\/users\/1"}],"replies":[{"embeddable":true,"href":"https:\/\/maternacasella.it\/index.php?rest_route=%2Fwp%2Fv2%2Fcomments&post=803"}],"version-history":[{"count":26,"href":"https:\/\/maternacasella.it\/index.php?rest_route=\/wp\/v2\/pages\/803\/revisions"}],"predecessor-version":[{"id":1122,"href":"https:\/\/maternacasella.it\/index.php?rest_route=\/wp\/v2\/pages\/803\/revisions\/1122"}],"wp:attachment":[{"href":"https:\/\/maternacasella.it\/index.php?rest_route=%2Fwp%2Fv2%2Fmedia&parent=803"}],"curies":[{"name":"wp","href":"https:\/\/api.w.org\/{rel}","templated":true}]}}