{"id":625,"date":"2023-11-17T10:03:54","date_gmt":"2023-11-17T10:03:54","guid":{"rendered":"https:\/\/maternacasella.it\/?page_id=625"},"modified":"2024-11-04T13:03:45","modified_gmt":"2024-11-04T13:03:45","slug":"laboratori-2","status":"publish","type":"page","link":"https:\/\/maternacasella.it\/?page_id=625","title":{"rendered":"Laboratori"},"content":{"rendered":"\n<div style=\"height:50px\" aria-hidden=\"true\" class=\"wp-block-spacer\"><\/div>\n\n\n\n<h3 class=\"wp-block-heading\">Animazione alla lettura<\/h3>\n\n\n\n<div class=\"wp-block-media-text is-stacked-on-mobile\" style=\"grid-template-columns:30% auto\"><figure class=\"wp-block-media-text__media\"><img loading=\"lazy\" decoding=\"async\" width=\"239\" height=\"191\" src=\"https:\/\/maternacasella.it\/wp-content\/uploads\/2023\/11\/animazione-alla-lettura-1.png\" alt=\"\" class=\"wp-image-694 size-full\"\/><\/figure><div class=\"wp-block-media-text__content\">\n<p>Gli obiettivi principali di tale laboratorio sono quelli di condurre il bambino a familiarizzare con il mondo dei libri, soprattutto gli albi illustrati, di potenziare le sue facolt\u00e0 di memoria, di attenzione e di rielaborazione verbale di quanto ha ascoltato oltrech\u00e9 a stimolare le sue capacit\u00e0 di guardare la realt\u00e0 con fantasia ed immaginazione, dote che ogni bambino possiede naturalmente, ma che va opportunamente alimentata.<\/p>\n<\/div><\/div>\n\n\n\n<figure class=\"wp-block-gallery has-nested-images columns-default is-cropped wp-block-gallery-1 is-layout-flex wp-block-gallery-is-layout-flex\">\n<figure class=\"wp-block-image size-large\"><img loading=\"lazy\" decoding=\"async\" width=\"1024\" height=\"768\" data-id=\"884\" src=\"https:\/\/maternacasella.it\/wp-content\/uploads\/2023\/11\/foto-1-2-1024x768.jpg\" alt=\"\" class=\"wp-image-884\" srcset=\"https:\/\/maternacasella.it\/wp-content\/uploads\/2023\/11\/foto-1-2-1024x768.jpg 1024w, https:\/\/maternacasella.it\/wp-content\/uploads\/2023\/11\/foto-1-2-300x225.jpg 300w, https:\/\/maternacasella.it\/wp-content\/uploads\/2023\/11\/foto-1-2-768x576.jpg 768w, https:\/\/maternacasella.it\/wp-content\/uploads\/2023\/11\/foto-1-2-1536x1152.jpg 1536w, https:\/\/maternacasella.it\/wp-content\/uploads\/2023\/11\/foto-1-2.jpg 1600w\" sizes=\"auto, (max-width: 1024px) 100vw, 1024px\" \/><\/figure>\n\n\n\n<figure class=\"wp-block-image size-large\"><img loading=\"lazy\" decoding=\"async\" width=\"576\" height=\"1024\" data-id=\"900\" src=\"https:\/\/maternacasella.it\/wp-content\/uploads\/2023\/11\/foto-7.jpg\" alt=\"\" class=\"wp-image-900\" srcset=\"https:\/\/maternacasella.it\/wp-content\/uploads\/2023\/11\/foto-7.jpg 576w, https:\/\/maternacasella.it\/wp-content\/uploads\/2023\/11\/foto-7-169x300.jpg 169w\" sizes=\"auto, (max-width: 576px) 100vw, 576px\" \/><\/figure>\n\n\n\n<figure class=\"wp-block-image size-large\"><img loading=\"lazy\" decoding=\"async\" width=\"576\" height=\"1024\" data-id=\"899\" src=\"https:\/\/maternacasella.it\/wp-content\/uploads\/2023\/11\/foto-9-.jpg\" alt=\"\" class=\"wp-image-899\" srcset=\"https:\/\/maternacasella.it\/wp-content\/uploads\/2023\/11\/foto-9-.jpg 576w, https:\/\/maternacasella.it\/wp-content\/uploads\/2023\/11\/foto-9--169x300.jpg 169w\" sizes=\"auto, (max-width: 576px) 100vw, 576px\" \/><\/figure>\n\n\n\n<figure class=\"wp-block-image size-large\"><img loading=\"lazy\" decoding=\"async\" width=\"1024\" height=\"1024\" data-id=\"695\" src=\"https:\/\/maternacasella.it\/wp-content\/uploads\/2023\/11\/4-6-1024x1024.jpg\" alt=\"\" class=\"wp-image-695\" srcset=\"https:\/\/maternacasella.it\/wp-content\/uploads\/2023\/11\/4-6-1024x1024.jpg 1024w, https:\/\/maternacasella.it\/wp-content\/uploads\/2023\/11\/4-6-300x300.jpg 300w, https:\/\/maternacasella.it\/wp-content\/uploads\/2023\/11\/4-6-150x150.jpg 150w, https:\/\/maternacasella.it\/wp-content\/uploads\/2023\/11\/4-6-768x768.jpg 768w, https:\/\/maternacasella.it\/wp-content\/uploads\/2023\/11\/4-6.jpg 1080w\" sizes=\"auto, (max-width: 1024px) 100vw, 1024px\" \/><\/figure>\n<\/figure>\n\n\n\n<div style=\"height:50px\" aria-hidden=\"true\" class=\"wp-block-spacer\"><\/div>\n\n\n\n<h3 class=\"wp-block-heading\">Linguistico<\/h3>\n\n\n\n<div class=\"wp-block-media-text is-stacked-on-mobile\" style=\"grid-template-columns:30% auto\"><figure class=\"wp-block-media-text__media\"><img loading=\"lazy\" decoding=\"async\" width=\"287\" height=\"164\" src=\"https:\/\/maternacasella.it\/wp-content\/uploads\/2023\/11\/linguistico-1.png\" alt=\"\" class=\"wp-image-703 size-full\"\/><\/figure><div class=\"wp-block-media-text__content\">\n<p>Tutte le attivit\u00e0 proposte in questo progetto hanno come principale finalit\u00e0 il potenziamento della capacit\u00e0 di espressione e delle capacit\u00e0 di comunicazione proprie di ogni bambino.&nbsp;<\/p>\n\n\n\n<p>Le aree di competenza proprie del progetto sono quella lessicale che si avvale di un approccio soprattutto ludico alle parole; quella fonologica che attua un percorso di esplorazione dei suoni e dei ritmi sonori delle parole; quella morfo-sintattica che parte dalle parole per arrivare ad una prima elementare costruzione della frase; quella pragmatica che introduce ai vari usi e funzioni della parola scritta ed infine la competenza narrativa che ci fa viaggiare nella magica e fantastica dimensione del racconto orale.<\/p>\n<\/div><\/div>\n\n\n\n<figure class=\"wp-block-gallery has-nested-images columns-default is-cropped wp-block-gallery-2 is-layout-flex wp-block-gallery-is-layout-flex\">\n<figure class=\"wp-block-image size-large\"><img loading=\"lazy\" decoding=\"async\" width=\"1024\" height=\"1024\" data-id=\"798\" src=\"https:\/\/maternacasella.it\/wp-content\/uploads\/2023\/11\/7-3-1024x1024.jpg\" alt=\"\" class=\"wp-image-798\" srcset=\"https:\/\/maternacasella.it\/wp-content\/uploads\/2023\/11\/7-3-1024x1024.jpg 1024w, https:\/\/maternacasella.it\/wp-content\/uploads\/2023\/11\/7-3-300x300.jpg 300w, https:\/\/maternacasella.it\/wp-content\/uploads\/2023\/11\/7-3-150x150.jpg 150w, https:\/\/maternacasella.it\/wp-content\/uploads\/2023\/11\/7-3-768x768.jpg 768w, https:\/\/maternacasella.it\/wp-content\/uploads\/2023\/11\/7-3.jpg 1080w\" sizes=\"auto, (max-width: 1024px) 100vw, 1024px\" \/><\/figure>\n<\/figure>\n\n\n\n<div style=\"height:50px\" aria-hidden=\"true\" class=\"wp-block-spacer\"><\/div>\n\n\n\n<h3 class=\"wp-block-heading\">Logico matematico<\/h3>\n\n\n\n<div class=\"wp-block-media-text is-stacked-on-mobile\" style=\"grid-template-columns:30% auto\"><figure class=\"wp-block-media-text__media\"><img loading=\"lazy\" decoding=\"async\" width=\"244\" height=\"177\" src=\"https:\/\/maternacasella.it\/wp-content\/uploads\/2023\/11\/logico-matematico.png\" alt=\"\" class=\"wp-image-887 size-full\"\/><\/figure><div class=\"wp-block-media-text__content\">\n<p>La familiarit\u00e0 con i numeri pu\u00f2 nascere a partire da quelli che si usano nella vita di ogni giorno; poi, ragionando sulle quantit\u00e0 e sulla numerosit\u00e0 di oggetti diversi, i bambini costruiscono le prime fondamentali competenze nel contare oggetti o eventi, accompagnandole con i gesti dell\u2019indicare, del togliere e dell\u2019aggiungere. Si avviano cos\u00ec alla conoscenza del numero e della struttura delle prime operazioni, suddividono in parti i materiali e realizzano elementari attivit\u00e0 di misura. Gradualmente, avviando i primi processi di astrazione, imparano a rappresentare con simboli semplici i risultati delle loro esperienze. Muovendosi nello spazio, i bambini scelgono ed eseguono i percorsi pi\u00f9 idonei per raggiungere una meta prefissata scoprendo concetti geometrici come quelli di direzione e di angolo. Operano e giocano con materiali strutturati, costruzioni, giochi da tavolo di vario tipo.<\/p>\n<\/div><\/div>\n\n\n\n<figure class=\"wp-block-gallery has-nested-images columns-4 is-cropped wp-block-gallery-3 is-layout-flex wp-block-gallery-is-layout-flex\">\n<figure class=\"wp-block-image size-large\"><img loading=\"lazy\" decoding=\"async\" width=\"750\" height=\"400\" data-id=\"706\" src=\"https:\/\/maternacasella.it\/wp-content\/uploads\/2023\/11\/23.jpg\" alt=\"\" class=\"wp-image-706\" srcset=\"https:\/\/maternacasella.it\/wp-content\/uploads\/2023\/11\/23.jpg 750w, https:\/\/maternacasella.it\/wp-content\/uploads\/2023\/11\/23-300x160.jpg 300w\" sizes=\"auto, (max-width: 750px) 100vw, 750px\" \/><\/figure>\n\n\n\n<figure class=\"wp-block-image size-large\"><img loading=\"lazy\" decoding=\"async\" width=\"750\" height=\"400\" data-id=\"705\" src=\"https:\/\/maternacasella.it\/wp-content\/uploads\/2023\/11\/20.jpg\" alt=\"\" class=\"wp-image-705\" srcset=\"https:\/\/maternacasella.it\/wp-content\/uploads\/2023\/11\/20.jpg 750w, https:\/\/maternacasella.it\/wp-content\/uploads\/2023\/11\/20-300x160.jpg 300w\" sizes=\"auto, (max-width: 750px) 100vw, 750px\" \/><\/figure>\n\n\n\n<figure class=\"wp-block-image size-large\"><img loading=\"lazy\" decoding=\"async\" width=\"750\" height=\"400\" data-id=\"707\" src=\"https:\/\/maternacasella.it\/wp-content\/uploads\/2023\/11\/21.jpg\" alt=\"\" class=\"wp-image-707\" srcset=\"https:\/\/maternacasella.it\/wp-content\/uploads\/2023\/11\/21.jpg 750w, https:\/\/maternacasella.it\/wp-content\/uploads\/2023\/11\/21-300x160.jpg 300w\" sizes=\"auto, (max-width: 750px) 100vw, 750px\" \/><\/figure>\n\n\n\n<figure class=\"wp-block-image size-large\"><img loading=\"lazy\" decoding=\"async\" width=\"750\" height=\"400\" data-id=\"708\" src=\"https:\/\/maternacasella.it\/wp-content\/uploads\/2023\/11\/22.jpg\" alt=\"\" class=\"wp-image-708\" srcset=\"https:\/\/maternacasella.it\/wp-content\/uploads\/2023\/11\/22.jpg 750w, https:\/\/maternacasella.it\/wp-content\/uploads\/2023\/11\/22-300x160.jpg 300w\" sizes=\"auto, (max-width: 750px) 100vw, 750px\" \/><\/figure>\n\n\n\n<figure class=\"wp-block-image size-large\"><img loading=\"lazy\" decoding=\"async\" width=\"1080\" height=\"1080\" data-id=\"709\" src=\"https:\/\/maternacasella.it\/wp-content\/uploads\/2023\/11\/24-1024x1024.jpg\" alt=\"\" class=\"wp-image-709\" srcset=\"https:\/\/maternacasella.it\/wp-content\/uploads\/2023\/11\/24-1024x1024.jpg 1024w, https:\/\/maternacasella.it\/wp-content\/uploads\/2023\/11\/24-300x300.jpg 300w, https:\/\/maternacasella.it\/wp-content\/uploads\/2023\/11\/24-150x150.jpg 150w, https:\/\/maternacasella.it\/wp-content\/uploads\/2023\/11\/24-768x768.jpg 768w, https:\/\/maternacasella.it\/wp-content\/uploads\/2023\/11\/24.jpg 1080w\" sizes=\"auto, (max-width: 1080px) 100vw, 1080px\" \/><\/figure>\n<\/figure>\n\n\n\n<div style=\"height:50px\" aria-hidden=\"true\" class=\"wp-block-spacer\"><\/div>\n\n\n\n<h3 class=\"wp-block-heading\">Arte, pittura e manipolazione<\/h3>\n\n\n\n<div class=\"wp-block-media-text is-stacked-on-mobile\" style=\"grid-template-columns:30% auto\"><figure class=\"wp-block-media-text__media\"><img loading=\"lazy\" decoding=\"async\" width=\"230\" height=\"190\" src=\"https:\/\/maternacasella.it\/wp-content\/uploads\/2023\/11\/pittura-e-manipolazione.png\" alt=\"\" class=\"wp-image-716 size-full\"\/><\/figure><div class=\"wp-block-media-text__content\">\n<p>Il progetto di pittura e manipolazione sar\u00e0, per i bambini, un momento di gioco ed esplorazione del colore. Le attivit\u00e0 saranno incentrate sulle stagioni ed i loro colori, permetteranno loro di usare in maniera creativa diversi materiali e di sperimentare svariate tecniche pittoriche. Inoltre, il progetto ha l&#8217;obiettivo di far realizzare dei semplici lavoretti e addobbi attraverso l&#8217;uso della fantasia e della creativit\u00e0 che verranno poi esposti a scuola o portati a casa; un altro obiettivo \u00e8 quello di far apprendere alcuni gesti che sviluppano la motricit\u00e0 fine e la coordinazione oculo-manuale quali allacciare stringhe e bottoni, chiudere una cerniera e infilare perle ed altri oggetti in spaghi di diverso spessore. Ogni anno verranno svolte attivit\u00e0 specifiche, calate in base al tema annuale scelto dal collegio docenti.<\/p>\n<\/div><\/div>\n\n\n\n<figure class=\"wp-block-gallery has-nested-images columns-4 is-cropped wp-block-gallery-4 is-layout-flex wp-block-gallery-is-layout-flex\">\n<figure class=\"wp-block-image size-large\"><img loading=\"lazy\" decoding=\"async\" width=\"1024\" height=\"1024\" data-id=\"711\" src=\"https:\/\/maternacasella.it\/wp-content\/uploads\/2023\/11\/9-2-1024x1024.jpg\" alt=\"\" class=\"wp-image-711\" srcset=\"https:\/\/maternacasella.it\/wp-content\/uploads\/2023\/11\/9-2-1024x1024.jpg 1024w, https:\/\/maternacasella.it\/wp-content\/uploads\/2023\/11\/9-2-300x300.jpg 300w, https:\/\/maternacasella.it\/wp-content\/uploads\/2023\/11\/9-2-150x150.jpg 150w, https:\/\/maternacasella.it\/wp-content\/uploads\/2023\/11\/9-2-768x768.jpg 768w, https:\/\/maternacasella.it\/wp-content\/uploads\/2023\/11\/9-2.jpg 1080w\" sizes=\"auto, (max-width: 1024px) 100vw, 1024px\" \/><\/figure>\n\n\n\n<figure class=\"wp-block-image size-large\"><img loading=\"lazy\" decoding=\"async\" width=\"1024\" height=\"1024\" data-id=\"714\" src=\"https:\/\/maternacasella.it\/wp-content\/uploads\/2023\/11\/6-4-1024x1024.jpg\" alt=\"\" class=\"wp-image-714\" srcset=\"https:\/\/maternacasella.it\/wp-content\/uploads\/2023\/11\/6-4-1024x1024.jpg 1024w, https:\/\/maternacasella.it\/wp-content\/uploads\/2023\/11\/6-4-300x300.jpg 300w, https:\/\/maternacasella.it\/wp-content\/uploads\/2023\/11\/6-4-150x150.jpg 150w, https:\/\/maternacasella.it\/wp-content\/uploads\/2023\/11\/6-4-768x768.jpg 768w, https:\/\/maternacasella.it\/wp-content\/uploads\/2023\/11\/6-4.jpg 1080w\" sizes=\"auto, (max-width: 1024px) 100vw, 1024px\" \/><\/figure>\n\n\n\n<figure class=\"wp-block-image size-large\"><img loading=\"lazy\" decoding=\"async\" width=\"1024\" height=\"1024\" data-id=\"713\" src=\"https:\/\/maternacasella.it\/wp-content\/uploads\/2023\/11\/11-1-1024x1024.jpg\" alt=\"\" class=\"wp-image-713\" srcset=\"https:\/\/maternacasella.it\/wp-content\/uploads\/2023\/11\/11-1-1024x1024.jpg 1024w, https:\/\/maternacasella.it\/wp-content\/uploads\/2023\/11\/11-1-300x300.jpg 300w, https:\/\/maternacasella.it\/wp-content\/uploads\/2023\/11\/11-1-150x150.jpg 150w, https:\/\/maternacasella.it\/wp-content\/uploads\/2023\/11\/11-1-768x768.jpg 768w, https:\/\/maternacasella.it\/wp-content\/uploads\/2023\/11\/11-1.jpg 1080w\" sizes=\"auto, (max-width: 1024px) 100vw, 1024px\" \/><\/figure>\n\n\n\n<figure class=\"wp-block-image size-large\"><img loading=\"lazy\" decoding=\"async\" width=\"1024\" height=\"1024\" data-id=\"712\" src=\"https:\/\/maternacasella.it\/wp-content\/uploads\/2023\/11\/10-2-1024x1024.jpg\" alt=\"\" class=\"wp-image-712\" srcset=\"https:\/\/maternacasella.it\/wp-content\/uploads\/2023\/11\/10-2-1024x1024.jpg 1024w, https:\/\/maternacasella.it\/wp-content\/uploads\/2023\/11\/10-2-300x300.jpg 300w, https:\/\/maternacasella.it\/wp-content\/uploads\/2023\/11\/10-2-150x150.jpg 150w, https:\/\/maternacasella.it\/wp-content\/uploads\/2023\/11\/10-2-768x768.jpg 768w, https:\/\/maternacasella.it\/wp-content\/uploads\/2023\/11\/10-2.jpg 1080w\" sizes=\"auto, (max-width: 1024px) 100vw, 1024px\" \/><\/figure>\n<\/figure>\n\n\n\n<div style=\"height:50px\" aria-hidden=\"true\" class=\"wp-block-spacer\"><\/div>\n\n\n\n<h3 class=\"wp-block-heading\">Pregrafismo<\/h3>\n\n\n\n<div class=\"wp-block-media-text is-stacked-on-mobile\" style=\"grid-template-columns:30% auto\"><figure class=\"wp-block-media-text__media\"><img loading=\"lazy\" decoding=\"async\" width=\"261\" height=\"229\" src=\"https:\/\/maternacasella.it\/wp-content\/uploads\/2023\/11\/pregrafismo.png\" alt=\"\" class=\"wp-image-722 size-full\"\/><\/figure><div class=\"wp-block-media-text__content\">\n<p>Il progetto di pregrafismo, attraverso una serie di attivit\u00e0, avviciner\u00e0 i bambini medi e grandi alla scrittura. La prima tappa di questo percorso prevede la riscoperta del tatto da parte dei bambini e quindi il consolidamento dello schema corporeo. La seconda tappa di questo percorso \u00e8 rappresentata dalla proposta di esercizi per migliorare la motricit\u00e0 delle articolazioni (spalla \u2013 gomito \u2013 polso \u2013 mano), la coordinazione occhio-mano e la lateralit\u00e0. Tutti i gesti appresi saranno via via pi\u00f9 precisi e verranno riportati sul foglio attraverso diverse tecniche (pittura a dito, pennello, colori a cera e, infine, la matita). Si passer\u00e0 pertanto dal gesto corporeo (concreto) al segno (astratto) attraverso esercizi graduali. Avere una buona postura, impugnare correttamente lo strumento grafico (pennello, matita, ecc), seguire tracciati lineari e curvilinei portano il bambino ad acquisire i prerequisiti per la scrittura manuale.<\/p>\n<\/div><\/div>\n\n\n\n<figure class=\"wp-block-gallery has-nested-images columns-4 is-cropped wp-block-gallery-5 is-layout-flex wp-block-gallery-is-layout-flex\">\n<figure class=\"wp-block-image size-large\"><img loading=\"lazy\" decoding=\"async\" width=\"750\" height=\"400\" data-id=\"721\" src=\"https:\/\/maternacasella.it\/wp-content\/uploads\/2023\/11\/19.jpg\" alt=\"\" class=\"wp-image-721\" srcset=\"https:\/\/maternacasella.it\/wp-content\/uploads\/2023\/11\/19.jpg 750w, https:\/\/maternacasella.it\/wp-content\/uploads\/2023\/11\/19-300x160.jpg 300w\" sizes=\"auto, (max-width: 750px) 100vw, 750px\" \/><\/figure>\n\n\n\n<figure class=\"wp-block-image size-large\"><img loading=\"lazy\" decoding=\"async\" width=\"750\" height=\"400\" data-id=\"719\" src=\"https:\/\/maternacasella.it\/wp-content\/uploads\/2023\/11\/17.jpg\" alt=\"\" class=\"wp-image-719\" srcset=\"https:\/\/maternacasella.it\/wp-content\/uploads\/2023\/11\/17.jpg 750w, https:\/\/maternacasella.it\/wp-content\/uploads\/2023\/11\/17-300x160.jpg 300w\" sizes=\"auto, (max-width: 750px) 100vw, 750px\" \/><\/figure>\n\n\n\n<figure class=\"wp-block-image size-large\"><img loading=\"lazy\" decoding=\"async\" width=\"750\" height=\"400\" data-id=\"718\" src=\"https:\/\/maternacasella.it\/wp-content\/uploads\/2023\/11\/5-6.jpg\" alt=\"\" class=\"wp-image-718\" srcset=\"https:\/\/maternacasella.it\/wp-content\/uploads\/2023\/11\/5-6.jpg 750w, https:\/\/maternacasella.it\/wp-content\/uploads\/2023\/11\/5-6-300x160.jpg 300w\" sizes=\"auto, (max-width: 750px) 100vw, 750px\" \/><\/figure>\n\n\n\n<figure class=\"wp-block-image size-large\"><img loading=\"lazy\" decoding=\"async\" width=\"750\" height=\"400\" data-id=\"720\" src=\"https:\/\/maternacasella.it\/wp-content\/uploads\/2023\/11\/18.jpg\" alt=\"\" class=\"wp-image-720\" srcset=\"https:\/\/maternacasella.it\/wp-content\/uploads\/2023\/11\/18.jpg 750w, https:\/\/maternacasella.it\/wp-content\/uploads\/2023\/11\/18-300x160.jpg 300w\" sizes=\"auto, (max-width: 750px) 100vw, 750px\" \/><\/figure>\n<\/figure>\n","protected":false},"excerpt":{"rendered":"<p>Animazione alla lettura Gli obiettivi principali di tale laboratorio sono quelli di condurre il bambino a familiarizzare con il mondo dei libri, soprattutto gli albi illustrati, di potenziare le sue facolt\u00e0 di memoria, di attenzione e di rielaborazione verbale di quanto ha ascoltato oltrech\u00e9 a stimolare le sue capacit\u00e0 di guardare la realt\u00e0 con fantasia [&hellip;]<\/p>\n","protected":false},"author":1,"featured_media":0,"parent":0,"menu_order":0,"comment_status":"closed","ping_status":"closed","template":"","meta":{"footnotes":""},"class_list":["post-625","page","type-page","status-publish","hentry"],"_links":{"self":[{"href":"https:\/\/maternacasella.it\/index.php?rest_route=\/wp\/v2\/pages\/625","targetHints":{"allow":["GET"]}}],"collection":[{"href":"https:\/\/maternacasella.it\/index.php?rest_route=\/wp\/v2\/pages"}],"about":[{"href":"https:\/\/maternacasella.it\/index.php?rest_route=\/wp\/v2\/types\/page"}],"author":[{"embeddable":true,"href":"https:\/\/maternacasella.it\/index.php?rest_route=\/wp\/v2\/users\/1"}],"replies":[{"embeddable":true,"href":"https:\/\/maternacasella.it\/index.php?rest_route=%2Fwp%2Fv2%2Fcomments&post=625"}],"version-history":[{"count":17,"href":"https:\/\/maternacasella.it\/index.php?rest_route=\/wp\/v2\/pages\/625\/revisions"}],"predecessor-version":[{"id":1136,"href":"https:\/\/maternacasella.it\/index.php?rest_route=\/wp\/v2\/pages\/625\/revisions\/1136"}],"wp:attachment":[{"href":"https:\/\/maternacasella.it\/index.php?rest_route=%2Fwp%2Fv2%2Fmedia&parent=625"}],"curies":[{"name":"wp","href":"https:\/\/api.w.org\/{rel}","templated":true}]}}